{"id":1188,"date":"2018-11-05T23:32:22","date_gmt":"2018-11-05T23:32:22","guid":{"rendered":"http:\/\/lamascoteriaonline.co\/shop\/?post_type=product&#038;p=1188"},"modified":"2020-04-06T18:46:21","modified_gmt":"2020-04-06T18:46:21","slug":"pelota-perro-sports-balls-kong","status":"publish","type":"product","link":"https:\/\/lamascoteriaonline.co\/shop\/product\/pelota-perro-sports-balls-kong\/","title":{"rendered":"Pelota Perro Sports Balls Kong"},"content":{"rendered":"<p style=\"text-align: justify; background: white;\"><span style=\"font-size: 10.5pt; font-family: 'Arial',sans-serif; color: #888888;\">Las KONG Sport Balls son mejores que una pelota de tenis. Estos juguetes, hechos con paredes de caucho muy gruesas, son lo suficientemente resistentes como para aguantar juegos intensos de buscar y recoger. L\u00e1nzalas y mira c\u00f3mo tu perro se vuelve loco con estas resistentes pelotas saltarina<\/span><\/p>\n<p style=\"text-align: justify; background: white;\"><span style=\"font-size: 10.5pt; font-family: 'Arial',sans-serif; color: #888888;\">M\u00e1s resistentes y seguras que una pelota de tenis<br \/>\nCon mucho m\u00e1s rebote para complicar los juegos de buscar y recoger<br \/>\nSin chirriador<\/span><\/p>\n","protected":false},"excerpt":{"rendered":"<p>Las KONG Sport Balls son mejores que una pelota de tenis. Estos juguetes, hechos con paredes de caucho muy gruesas, son lo suficientemente resistentes como para aguantar juegos intensos de buscar y recoger. L\u00e1nzalas y mira c\u00f3mo tu perro se vuelve loco con estas resistentes pelotas saltarina M\u00e1s resistentes y seguras que una pelota de [&hellip;]<\/p>\n","protected":false},"featured_media":1189,"comment_status":"open","ping_status":"closed","template":"","meta":{"_et_pb_use_builder":"","_et_pb_old_content":"","_et_gb_content_width":"","_joinchat":[]},"product_brand":[],"product_cat":[37],"product_tag":[],"class_list":{"0":"post-1188","1":"product","2":"type-product","3":"status-publish","4":"has-post-thumbnail","6":"product_cat-pelotas-para-perros","8":"first","9":"outofstock","10":"shipping-taxable","11":"purchasable","12":"product-type-simple"},"_links":{"self":[{"href":"https:\/\/lamascoteriaonline.co\/shop\/wp-json\/wp\/v2\/product\/1188","targetHints":{"allow":["GET"]}}],"collection":[{"href":"https:\/\/lamascoteriaonline.co\/shop\/wp-json\/wp\/v2\/product"}],"about":[{"href":"https:\/\/lamascoteriaonline.co\/shop\/wp-json\/wp\/v2\/types\/product"}],"replies":[{"embeddable":true,"href":"https:\/\/lamascoteriaonline.co\/shop\/wp-json\/wp\/v2\/comments?post=1188"}],"wp:featuredmedia":[{"embeddable":true,"href":"https:\/\/lamascoteriaonline.co\/shop\/wp-json\/wp\/v2\/media\/1189"}],"wp:attachment":[{"href":"https:\/\/lamascoteriaonline.co\/shop\/wp-json\/wp\/v2\/media?parent=1188"}],"wp:term":[{"taxonomy":"product_brand","embeddable":true,"href":"https:\/\/lamascoteriaonline.co\/shop\/wp-json\/wp\/v2\/product_brand?post=1188"},{"taxonomy":"product_cat","embeddable":true,"href":"https:\/\/lamascoteriaonline.co\/shop\/wp-json\/wp\/v2\/product_cat?post=1188"},{"taxonomy":"product_tag","embeddable":true,"href":"https:\/\/lamascoteriaonline.co\/shop\/wp-json\/wp\/v2\/product_tag?post=1188"}],"curies":[{"name":"wp","href":"https:\/\/api.w.org\/{rel}","templated":true}]}}