{"id":10737,"date":"2024-06-01T22:07:54","date_gmt":"2024-06-01T22:07:54","guid":{"rendered":"https:\/\/lamascoteriaonline.co\/shop\/?post_type=product&#038;p=10737"},"modified":"2025-02-20T22:19:54","modified_gmt":"2025-02-20T22:19:54","slug":"br-for-cat-gato-castrado-salmon","status":"publish","type":"product","link":"https:\/\/lamascoteriaonline.co\/shop\/product\/br-for-cat-gato-castrado-salmon\/","title":{"rendered":"BR For Cat Gato Castrado Salmon"},"content":{"rendered":"<p><b>F\u00f3rmula BR\u00ae For Cat Pure Adultos Castrados Salm\u00f3n<\/b>\u00a0reduci\u00f3n F\u00f3rmula grasa, est\u00e1 especialmente formulado para gatos que son menos activos. En comparaci\u00f3n con nuestra otra f\u00f3rmula para adultos, este alimento contiene menos calor\u00edas, lo que puede ayudar a controlar el peso. A pesar de que las calor\u00edas se han reducido, se mantiene el mismo gran sabor.<\/p>\n<p>Arroz integral (22%), prote\u00ednas de ave deshidratadas, prote\u00ednas de pescado deshidratadas (incluyendo 6% salm\u00f3n), cebada, guisantes, grasa de ave, prote\u00edna de guisante, prote\u00ednas de ave hidrolizadas, fibras de celulosa, pulpa de remolacha, aceite de salm\u00f3n (1%), levadura de cerveza, sustancias minerales, harina de flor de Marigold (fuente de lute\u00edna), paredes de levaduras (350 mg\/kg) (fuente de MOS), Yucca schidigera, hierbas y frutas deshidratadas (Camelia sinensis, Cinnamomium cassia, Thymus vulgaris, Curcuma cedoaria, Vitis vinifera, Melissa officinalis, Citrus limoni), glucosamina (275 mg\/kg), condroit\u00edn sulfato (225 mg\/kg).<\/p>\n<table class=\"table table-striped\">\n<tbody>\n<tr>\n<td>Prote\u00edna cruda (m\u00ednimo)<\/td>\n<td>30%<\/td>\n<\/tr>\n<tr>\n<td>Grasa cruda (m\u00ednimo)<\/td>\n<td>10%<\/td>\n<\/tr>\n<tr>\n<td>Fibra Cruda (m\u00e1ximo)<\/td>\n<td>5%<\/td>\n<\/tr>\n<tr>\n<td>Materia Inorg\u00e1nica (m\u00e1ximo)<\/td>\n<td>8.5%<\/td>\n<\/tr>\n<tr>\n<td>Humedad (m\u00e1ximo)<\/td>\n<td>9%<\/td>\n<\/tr>\n<tr>\n<td>Calcio (m\u00ednimo)<\/td>\n<td>0,6%<\/td>\n<\/tr>\n<tr>\n<td>F\u00f3sforo (m\u00ednimo)<\/td>\n<td>0,5%<\/td>\n<\/tr>\n<\/tbody>\n<\/table>\n","protected":false},"excerpt":{"rendered":"<p>F\u00f3rmula BR\u00ae For Cat Pure Adultos Castrados Salm\u00f3n\u00a0reduci\u00f3n F\u00f3rmula grasa, est\u00e1 especialmente formulado para gatos que son menos activos. En comparaci\u00f3n con nuestra otra f\u00f3rmula para adultos, este alimento contiene menos calor\u00edas, lo que puede ayudar a controlar el peso. A pesar de que las calor\u00edas se han reducido, se mantiene el mismo gran sabor. [&hellip;]<\/p>\n","protected":false},"featured_media":10741,"comment_status":"open","ping_status":"closed","template":"","meta":{"_et_pb_use_builder":"","_et_pb_old_content":"","_et_gb_content_width":"","_joinchat":[]},"product_brand":[],"product_cat":[139],"product_tag":[],"class_list":{"0":"post-10737","1":"product","2":"type-product","3":"status-publish","4":"has-post-thumbnail","6":"product_cat-br-concentrados-gatos","8":"first","9":"instock","10":"shipping-taxable","11":"purchasable","12":"product-type-variable"},"_links":{"self":[{"href":"https:\/\/lamascoteriaonline.co\/shop\/wp-json\/wp\/v2\/product\/10737","targetHints":{"allow":["GET"]}}],"collection":[{"href":"https:\/\/lamascoteriaonline.co\/shop\/wp-json\/wp\/v2\/product"}],"about":[{"href":"https:\/\/lamascoteriaonline.co\/shop\/wp-json\/wp\/v2\/types\/product"}],"replies":[{"embeddable":true,"href":"https:\/\/lamascoteriaonline.co\/shop\/wp-json\/wp\/v2\/comments?post=10737"}],"wp:featuredmedia":[{"embeddable":true,"href":"https:\/\/lamascoteriaonline.co\/shop\/wp-json\/wp\/v2\/media\/10741"}],"wp:attachment":[{"href":"https:\/\/lamascoteriaonline.co\/shop\/wp-json\/wp\/v2\/media?parent=10737"}],"wp:term":[{"taxonomy":"product_brand","embeddable":true,"href":"https:\/\/lamascoteriaonline.co\/shop\/wp-json\/wp\/v2\/product_brand?post=10737"},{"taxonomy":"product_cat","embeddable":true,"href":"https:\/\/lamascoteriaonline.co\/shop\/wp-json\/wp\/v2\/product_cat?post=10737"},{"taxonomy":"product_tag","embeddable":true,"href":"https:\/\/lamascoteriaonline.co\/shop\/wp-json\/wp\/v2\/product_tag?post=10737"}],"curies":[{"name":"wp","href":"https:\/\/api.w.org\/{rel}","templated":true}]}}