{"id":10732,"date":"2024-06-01T22:05:30","date_gmt":"2024-06-01T22:05:30","guid":{"rendered":"https:\/\/lamascoteriaonline.co\/shop\/?post_type=product&#038;p=10732"},"modified":"2025-02-20T22:20:06","modified_gmt":"2025-02-20T22:20:06","slug":"br-for-cat-gato-castrado","status":"publish","type":"product","link":"https:\/\/lamascoteriaonline.co\/shop\/product\/br-for-cat-gato-castrado\/","title":{"rendered":"BR For Cat Gato Castrado"},"content":{"rendered":"<p><b>F\u00f3rmula BR\u00ae For Cat Pure Adultos Castrados<\/b>\u00a0reduci\u00f3n F\u00f3rmula grasa, est\u00e1 especialmente formulado para gatos que son menos activos. En comparaci\u00f3n con nuestra otra f\u00f3rmula para adultos, este alimento contiene menos calor\u00edas, lo que puede ayudar a controlar el peso. A pesar de que las calor\u00edas se han reducido, se mantiene el mismo gran sabor.<\/p>\n<p>Pollo deshidratado, Arroz blanco, Pulpa de remolacha, Semilla de lino, Celulosa, Prote\u00edna animal hidrolizada (pollo),Sacharomyces cerevisiae, Pescado deshidratado, Aceite de pescado, Huevos secos, Grasa de pollo, Yuca Schidigera, Extracto de plantas (Extracto de romero, Extracto de semilla de uva, Extracto de c\u00farcuma, Extracto de Silimarina), Aceite de uva, Aceite hoja de tr\u00e9bol, Vitaminas {A, 03, E), Taurina, Minerales (Sulfato de hierro, Sulfato de cobre,Sulfato de Zinc, Sulfato de Manganeso, Yodato de calcio y Selenita de sodio).<\/p>\n<table class=\"table table-striped\">\n<tbody>\n<tr>\n<td>Calor\u00edas<\/td>\n<td>3.313 Kcal\/Kg.<\/td>\n<\/tr>\n<tr>\n<td>Prote\u00edna cruda (m\u00ednimo)<\/td>\n<td>30%<\/td>\n<\/tr>\n<tr>\n<td>Grasa cruda (m\u00ednimo)<\/td>\n<td>8%<\/td>\n<\/tr>\n<tr>\n<td>Materia Inorganica (m\u00e1ximo)<\/td>\n<td>9%<\/td>\n<\/tr>\n<tr>\n<td>Fibra Cruda (m\u00e1ximo)<\/td>\n<td>5%<\/td>\n<\/tr>\n<tr>\n<td>Humedad (m\u00e1ximo)<\/td>\n<td>9%<\/td>\n<\/tr>\n<tr>\n<td>Calcio (m\u00ednimo)<\/td>\n<td>0,8%<\/td>\n<\/tr>\n<tr>\n<td>F\u00f3sforo (m\u00ednimo)<\/td>\n<td>0,7%<\/td>\n<\/tr>\n<\/tbody>\n<\/table>\n","protected":false},"excerpt":{"rendered":"<p>F\u00f3rmula BR\u00ae For Cat Pure Adultos Castrados\u00a0reduci\u00f3n F\u00f3rmula grasa, est\u00e1 especialmente formulado para gatos que son menos activos. En comparaci\u00f3n con nuestra otra f\u00f3rmula para adultos, este alimento contiene menos calor\u00edas, lo que puede ayudar a controlar el peso. A pesar de que las calor\u00edas se han reducido, se mantiene el mismo gran sabor. Pollo [&hellip;]<\/p>\n","protected":false},"featured_media":10736,"comment_status":"open","ping_status":"closed","template":"","meta":{"_et_pb_use_builder":"","_et_pb_old_content":"","_et_gb_content_width":"","_joinchat":[]},"product_brand":[],"product_cat":[139],"product_tag":[],"class_list":{"0":"post-10732","1":"product","2":"type-product","3":"status-publish","4":"has-post-thumbnail","6":"product_cat-br-concentrados-gatos","8":"first","9":"instock","10":"shipping-taxable","11":"purchasable","12":"product-type-variable"},"_links":{"self":[{"href":"https:\/\/lamascoteriaonline.co\/shop\/wp-json\/wp\/v2\/product\/10732","targetHints":{"allow":["GET"]}}],"collection":[{"href":"https:\/\/lamascoteriaonline.co\/shop\/wp-json\/wp\/v2\/product"}],"about":[{"href":"https:\/\/lamascoteriaonline.co\/shop\/wp-json\/wp\/v2\/types\/product"}],"replies":[{"embeddable":true,"href":"https:\/\/lamascoteriaonline.co\/shop\/wp-json\/wp\/v2\/comments?post=10732"}],"wp:featuredmedia":[{"embeddable":true,"href":"https:\/\/lamascoteriaonline.co\/shop\/wp-json\/wp\/v2\/media\/10736"}],"wp:attachment":[{"href":"https:\/\/lamascoteriaonline.co\/shop\/wp-json\/wp\/v2\/media?parent=10732"}],"wp:term":[{"taxonomy":"product_brand","embeddable":true,"href":"https:\/\/lamascoteriaonline.co\/shop\/wp-json\/wp\/v2\/product_brand?post=10732"},{"taxonomy":"product_cat","embeddable":true,"href":"https:\/\/lamascoteriaonline.co\/shop\/wp-json\/wp\/v2\/product_cat?post=10732"},{"taxonomy":"product_tag","embeddable":true,"href":"https:\/\/lamascoteriaonline.co\/shop\/wp-json\/wp\/v2\/product_tag?post=10732"}],"curies":[{"name":"wp","href":"https:\/\/api.w.org\/{rel}","templated":true}]}}