{"id":10722,"date":"2024-06-01T21:58:22","date_gmt":"2024-06-01T21:58:22","guid":{"rendered":"https:\/\/lamascoteriaonline.co\/shop\/?post_type=product&#038;p=10722"},"modified":"2025-02-20T22:20:34","modified_gmt":"2025-02-20T22:20:34","slug":"br-for-cat-gato-adulto","status":"publish","type":"product","link":"https:\/\/lamascoteriaonline.co\/shop\/product\/br-for-cat-gato-adulto\/","title":{"rendered":"BR For Cat Gato Adulto"},"content":{"rendered":"<p><b>F\u00f3rmula BR\u00ae For Cat Pure Adultos Sabor Pollo<\/b>\u00a0est\u00e1 especialmente dise\u00f1ado para gatos adultos moderadamente activos. Ivet f\u00f3rmulas no s\u00f3lo sabe bien, sino que tambi\u00e9n proporcionan un nivel \u00f3ptimo de prote\u00ednas y grasas para satisfacer los requerimientos nutricionales de su gato.<\/p>\n<p>Pollo deshidratado, Pescado deshidratado, Arroz blanco, Grasa de pollo, Pollo hidrolizado, Pulpa de remolacha, semilla de lino, sacharomyces cerevisiae, Aceite de pescado, Celulosa, Extracto de yuca, Extracto de romero, Extraclo de semilla de uva, Extracto de c\u00farcuma, Extracto de silimari na, Aceite de uva, Aceite de hoja de clavo, Vi taminas (A, 03, E), Taurina, Sulfato de hierro, Sulfato de cobre, Sulfato de Zi nc, Sulfato de manganeso, Yodato de calcio y Selenita de sodio.<\/p>\n<p>Calor\u00edas 3.655 Kcal\/Kg.<\/p>\n<table class=\"table table-striped\">\n<tbody>\n<tr>\n<td>Calor\u00edas<\/td>\n<td>3.655 Kcal\/Kg.<\/td>\n<\/tr>\n<tr>\n<td>Prote\u00edna cruda (m\u00ednimo)<\/td>\n<td>30%<\/td>\n<\/tr>\n<tr>\n<td>Grasa cruda (m\u00ednimo)<\/td>\n<td>15%<\/td>\n<\/tr>\n<tr>\n<td>Materia inorg\u00e1nica<\/td>\n<td>8%<\/td>\n<\/tr>\n<tr>\n<td>Fibra Cruda (m\u00e1ximo)<\/td>\n<td>5%<\/td>\n<\/tr>\n<tr>\n<td>Humedad (m\u00e1ximo)<\/td>\n<td>9%<\/td>\n<\/tr>\n<tr>\n<td>Calcio (m\u00ednimo)<\/td>\n<td>0,8%<\/td>\n<\/tr>\n<tr>\n<td>F\u00f3sforo (m\u00ednimo)<\/td>\n<td>0,7%<\/td>\n<\/tr>\n<\/tbody>\n<\/table>\n","protected":false},"excerpt":{"rendered":"<p>F\u00f3rmula BR\u00ae For Cat Pure Adultos Sabor Pollo\u00a0est\u00e1 especialmente dise\u00f1ado para gatos adultos moderadamente activos. Ivet f\u00f3rmulas no s\u00f3lo sabe bien, sino que tambi\u00e9n proporcionan un nivel \u00f3ptimo de prote\u00ednas y grasas para satisfacer los requerimientos nutricionales de su gato. Pollo deshidratado, Pescado deshidratado, Arroz blanco, Grasa de pollo, Pollo hidrolizado, Pulpa de remolacha, semilla [&hellip;]<\/p>\n","protected":false},"featured_media":10725,"comment_status":"open","ping_status":"closed","template":"","meta":{"_et_pb_use_builder":"","_et_pb_old_content":"","_et_gb_content_width":"","_joinchat":[]},"product_brand":[],"product_cat":[139],"product_tag":[],"class_list":{"0":"post-10722","1":"product","2":"type-product","3":"status-publish","4":"has-post-thumbnail","6":"product_cat-br-concentrados-gatos","8":"first","9":"instock","10":"shipping-taxable","11":"purchasable","12":"product-type-variable"},"_links":{"self":[{"href":"https:\/\/lamascoteriaonline.co\/shop\/wp-json\/wp\/v2\/product\/10722","targetHints":{"allow":["GET"]}}],"collection":[{"href":"https:\/\/lamascoteriaonline.co\/shop\/wp-json\/wp\/v2\/product"}],"about":[{"href":"https:\/\/lamascoteriaonline.co\/shop\/wp-json\/wp\/v2\/types\/product"}],"replies":[{"embeddable":true,"href":"https:\/\/lamascoteriaonline.co\/shop\/wp-json\/wp\/v2\/comments?post=10722"}],"wp:featuredmedia":[{"embeddable":true,"href":"https:\/\/lamascoteriaonline.co\/shop\/wp-json\/wp\/v2\/media\/10725"}],"wp:attachment":[{"href":"https:\/\/lamascoteriaonline.co\/shop\/wp-json\/wp\/v2\/media?parent=10722"}],"wp:term":[{"taxonomy":"product_brand","embeddable":true,"href":"https:\/\/lamascoteriaonline.co\/shop\/wp-json\/wp\/v2\/product_brand?post=10722"},{"taxonomy":"product_cat","embeddable":true,"href":"https:\/\/lamascoteriaonline.co\/shop\/wp-json\/wp\/v2\/product_cat?post=10722"},{"taxonomy":"product_tag","embeddable":true,"href":"https:\/\/lamascoteriaonline.co\/shop\/wp-json\/wp\/v2\/product_tag?post=10722"}],"curies":[{"name":"wp","href":"https:\/\/api.w.org\/{rel}","templated":true}]}}