{"id":10718,"date":"2024-06-01T21:56:24","date_gmt":"2024-06-01T21:56:24","guid":{"rendered":"https:\/\/lamascoteriaonline.co\/shop\/?post_type=product&#038;p=10718"},"modified":"2025-02-20T22:20:45","modified_gmt":"2025-02-20T22:20:45","slug":"br-for-cat-gatito-salmon","status":"publish","type":"product","link":"https:\/\/lamascoteriaonline.co\/shop\/product\/br-for-cat-gatito-salmon\/","title":{"rendered":"BR For Cat Gatito Salmon"},"content":{"rendered":"<p class=\"mb-4\"><b>F\u00f3rmula BR\u00ae For Cat Pure Gatito Salm\u00f3n<\/b>\u00a0est\u00e1 especialmente dise\u00f1ado para satisfacer las necesidades de un gatito durante los per\u00edodos cr\u00edticos del crecimiento. Los gatitos necesitan mayores niveles de prote\u00edna y grasa para mantener los niveles de energ\u00eda necesaria durante el crecimiento. Gatitos tambi\u00e9n necesitan aumento de los niveles de Calcio y f\u00f3sforo para un mejor desarrollo \u00f3seo y muscular. Tambi\u00e9n se recomienda la\u00a0<b>F\u00f3rmula BR\u00ae For Cat Pure Gatito Salm\u00f3n<\/b>\u00a0para gatos durante el embarazo y la lactancia.<\/p>\n<p class=\"mb-4\">es un alimento completo para suministrar gatitos de todas las razas a partir del destete y hasta los 12 meses de edad.<\/p>\n<p>Prote\u00ednas de salm\u00f3n deshidratadas, prote\u00ednas de pollo deshidratadas, grasa de ave, arroz, ma\u00edz, guisantes, prote\u00ednas animales hidrolizadas, fibra de trigo, prote\u00edna de ma\u00edz, pulpa de achicoria, aceite de salm\u00f3n, semilla de lino, levadura de cerveza, sustancias minerales, hierbas y frutas deshidratadas (Camelia sinensis, Cinnamomium cassia, Thymus vulgaris, Curcuma cedoaria, Vitis vinifera, Melissa officinalis, Eugenol, Citrus limoni), romero deshidratado, Yucca schidigera.<\/p>\n<table class=\"table table-striped\">\n<tbody>\n<tr>\n<td>Prote\u00edna cruda (m\u00ednimo)<\/td>\n<td>32%<\/td>\n<\/tr>\n<tr>\n<td>Grasa cruda (m\u00ednimo)<\/td>\n<td>20%<\/td>\n<\/tr>\n<tr>\n<td>Fibra Cruda (m\u00e1ximo)<\/td>\n<td>3.8%<\/td>\n<\/tr>\n<tr>\n<td>Materia Inorg\u00e1nica (m\u00e1ximo)<\/td>\n<td>9.0%<\/td>\n<\/tr>\n<tr>\n<td>Humedad (m\u00e1ximo)<\/td>\n<td>10%<\/td>\n<\/tr>\n<tr>\n<td>Calcio (m\u00ednimo)<\/td>\n<td>1.3%<\/td>\n<\/tr>\n<tr>\n<td>F\u00f3sforo (m\u00ednimo)<\/td>\n<td>1.1%<\/td>\n<\/tr>\n<\/tbody>\n<\/table>\n","protected":false},"excerpt":{"rendered":"<p>F\u00f3rmula BR\u00ae For Cat Pure Gatito Salm\u00f3n\u00a0est\u00e1 especialmente dise\u00f1ado para satisfacer las necesidades de un gatito durante los per\u00edodos cr\u00edticos del crecimiento. Los gatitos necesitan mayores niveles de prote\u00edna y grasa para mantener los niveles de energ\u00eda necesaria durante el crecimiento. Gatitos tambi\u00e9n necesitan aumento de los niveles de Calcio y f\u00f3sforo para un mejor [&hellip;]<\/p>\n","protected":false},"featured_media":10721,"comment_status":"open","ping_status":"closed","template":"","meta":{"_et_pb_use_builder":"","_et_pb_old_content":"","_et_gb_content_width":"","_joinchat":[]},"product_brand":[],"product_cat":[139],"product_tag":[],"class_list":{"0":"post-10718","1":"product","2":"type-product","3":"status-publish","4":"has-post-thumbnail","6":"product_cat-br-concentrados-gatos","8":"first","9":"instock","10":"shipping-taxable","11":"purchasable","12":"product-type-variable"},"_links":{"self":[{"href":"https:\/\/lamascoteriaonline.co\/shop\/wp-json\/wp\/v2\/product\/10718","targetHints":{"allow":["GET"]}}],"collection":[{"href":"https:\/\/lamascoteriaonline.co\/shop\/wp-json\/wp\/v2\/product"}],"about":[{"href":"https:\/\/lamascoteriaonline.co\/shop\/wp-json\/wp\/v2\/types\/product"}],"replies":[{"embeddable":true,"href":"https:\/\/lamascoteriaonline.co\/shop\/wp-json\/wp\/v2\/comments?post=10718"}],"wp:featuredmedia":[{"embeddable":true,"href":"https:\/\/lamascoteriaonline.co\/shop\/wp-json\/wp\/v2\/media\/10721"}],"wp:attachment":[{"href":"https:\/\/lamascoteriaonline.co\/shop\/wp-json\/wp\/v2\/media?parent=10718"}],"wp:term":[{"taxonomy":"product_brand","embeddable":true,"href":"https:\/\/lamascoteriaonline.co\/shop\/wp-json\/wp\/v2\/product_brand?post=10718"},{"taxonomy":"product_cat","embeddable":true,"href":"https:\/\/lamascoteriaonline.co\/shop\/wp-json\/wp\/v2\/product_cat?post=10718"},{"taxonomy":"product_tag","embeddable":true,"href":"https:\/\/lamascoteriaonline.co\/shop\/wp-json\/wp\/v2\/product_tag?post=10718"}],"curies":[{"name":"wp","href":"https:\/\/api.w.org\/{rel}","templated":true}]}}