{"id":107,"date":"2018-09-19T17:13:13","date_gmt":"2018-09-19T17:13:13","guid":{"rendered":"http:\/\/lamascoteriaonline.co\/shop\/?post_type=product&#038;p=107"},"modified":"2024-01-21T15:30:36","modified_gmt":"2024-01-21T15:30:36","slug":"pro-plan-exigent","status":"publish","type":"product","link":"https:\/\/lamascoteriaonline.co\/shop\/product\/pro-plan-exigent\/","title":{"rendered":"Pro Plan Exigent Small Breed"},"content":{"rendered":"<div class=\"text\">Provee nutrici\u00f3n que podr\u00e1s percibir por medio de un pelaje sano y brillante con un sabor \u00fanico que los perros de razas peque\u00f1as con los paladares m\u00e1s exigentes disfrutaran.<\/div>\n<div class=\"detail\">Nutrici\u00f3n de vanguardia que satisface las necesidades espec\u00edficas de perros adultos de razas peque\u00f1as con paladares exigentes, para que alcancen un estado de salud \u00f3ptima y un bienestar general.<\/div>\n","protected":false},"excerpt":{"rendered":"<p>Provee nutrici\u00f3n que podr\u00e1s percibir por medio de un pelaje sano y brillante con un sabor \u00fanico que los perros de razas peque\u00f1as con los paladares m\u00e1s exigentes disfrutaran. Nutrici\u00f3n de vanguardia que satisface las necesidades espec\u00edficas de perros adultos de razas peque\u00f1as con paladares exigentes, para que alcancen un estado de salud \u00f3ptima y [&hellip;]<\/p>\n","protected":false},"featured_media":7979,"comment_status":"open","ping_status":"closed","template":"","meta":{"_et_pb_use_builder":"","_et_pb_old_content":"","_et_gb_content_width":"","_joinchat":[]},"product_brand":[],"product_cat":[16],"product_tag":[],"class_list":{"0":"post-107","1":"product","2":"type-product","3":"status-publish","4":"has-post-thumbnail","6":"product_cat-proplan-perros","8":"first","9":"instock","10":"shipping-taxable","11":"purchasable","12":"product-type-variable"},"_links":{"self":[{"href":"https:\/\/lamascoteriaonline.co\/shop\/wp-json\/wp\/v2\/product\/107","targetHints":{"allow":["GET"]}}],"collection":[{"href":"https:\/\/lamascoteriaonline.co\/shop\/wp-json\/wp\/v2\/product"}],"about":[{"href":"https:\/\/lamascoteriaonline.co\/shop\/wp-json\/wp\/v2\/types\/product"}],"replies":[{"embeddable":true,"href":"https:\/\/lamascoteriaonline.co\/shop\/wp-json\/wp\/v2\/comments?post=107"}],"wp:featuredmedia":[{"embeddable":true,"href":"https:\/\/lamascoteriaonline.co\/shop\/wp-json\/wp\/v2\/media\/7979"}],"wp:attachment":[{"href":"https:\/\/lamascoteriaonline.co\/shop\/wp-json\/wp\/v2\/media?parent=107"}],"wp:term":[{"taxonomy":"product_brand","embeddable":true,"href":"https:\/\/lamascoteriaonline.co\/shop\/wp-json\/wp\/v2\/product_brand?post=107"},{"taxonomy":"product_cat","embeddable":true,"href":"https:\/\/lamascoteriaonline.co\/shop\/wp-json\/wp\/v2\/product_cat?post=107"},{"taxonomy":"product_tag","embeddable":true,"href":"https:\/\/lamascoteriaonline.co\/shop\/wp-json\/wp\/v2\/product_tag?post=107"}],"curies":[{"name":"wp","href":"https:\/\/api.w.org\/{rel}","templated":true}]}}