{"id":533,"date":"2018-09-29T00:49:31","date_gmt":"2018-09-29T00:49:31","guid":{"rendered":"http:\/\/lamascoteriaonline.co\/shop\/?page_id=533"},"modified":"2018-10-03T11:52:15","modified_gmt":"2018-10-03T11:52:15","slug":"arnes-para-perro","status":"publish","type":"page","link":"https:\/\/lamascoteriaonline.co\/shop\/arnes-para-perro\/","title":{"rendered":"Arn\u00e9s para perro"},"content":{"rendered":"<p>[et_pb_section bb_built=&#8221;1&#8243; admin_label=&#8221;Products Section&#8221; _builder_version=&#8221;3.12.1&#8243; custom_padding=&#8221;10px|0px|120px|0px&#8221; next_background_color=&#8221;#000000&#8243;][et_pb_row admin_label=&#8221;Products Row&#8221; _builder_version=&#8221;3.12.1&#8243; padding_top_2=&#8221;0px&#8221;][et_pb_column type=&#8221;3_4&#8243;][et_pb_text _builder_version=&#8221;3.12.1&#8243; text_font=&#8221;Open Sans|600|||||||&#8221; text_font_size=&#8221;16px&#8221; text_line_height=&#8221;1.8em&#8221; header_font=&#8221;Baloo|||on|||||&#8221; header_font_size=&#8221;40px&#8221; header_letter_spacing=&#8221;5px&#8221; header_line_height=&#8221;1.4em&#8221; text_orientation=&#8221;center&#8221; max_width=&#8221;700px&#8221; module_alignment=&#8221;center&#8221; animation_style=&#8221;fade&#8221;]<\/p>\n<h1>Arn\u00e9s<\/h1>\n<p>[\/et_pb_text][et_pb_shop admin_label=&#8221;Products&#8221; type=&#8221;product_category&#8221; posts_number=&#8221;4&#8243; include_categories=&#8221;39&#8243; columns_number=&#8221;4&#8243; icon_hover_color=&#8221;#000000&#8243; _builder_version=&#8221;3.12.1&#8243; title_font=&#8221;Oswald|||on|||||&#8221; title_letter_spacing=&#8221;2px&#8221; title_line_height=&#8221;1.7em&#8221; price_font=&#8221;Open Sans|600|||||||&#8221; price_text_align=&#8221;center&#8221; price_line_height=&#8221;1.7em&#8221; text_orientation=&#8221;center&#8221; \/][\/et_pb_column][et_pb_column type=&#8221;1_4&#8243;][et_pb_search _builder_version=&#8221;3.12.1&#8243; placeholder=&#8221;Buscar&#8221; show_button=&#8221;off&#8221; exclude_pages=&#8221;off&#8221; exclude_posts=&#8221;off&#8221; \/][et_pb_toggle _builder_version=&#8221;3.12.1&#8243; title=&#8221;Tipos de alimento para perros&#8221; icon_color=&#8221;#058e8c&#8221;]<\/p>\n<ul>\n<li><span style=\"color: #333333;\"><a style=\"color: #333333;\" href=\"http:\/\/lamascoteriaonline.co\/shop\/index.php\/alimento-seco-para-perros\/\">Alimento seco<\/a><\/span><\/li>\n<li><span style=\"color: #333333;\"><a style=\"color: #333333;\" href=\"http:\/\/lamascoteriaonline.co\/shop\/index.php\/alimento-humedo-para-perros\/\">Alimento H\u00famedo<\/a><\/span><\/li>\n<li><span style=\"color: #333333;\"><a style=\"color: #333333;\" href=\"http:\/\/lamascoteriaonline.co\/shop\/index.php\/snacks\/\">Snacks<\/a><\/span><\/li>\n<\/ul>\n<p>[\/et_pb_toggle][et_pb_toggle _builder_version=&#8221;3.12.1&#8243; title=&#8221;Marcas&#8221; icon_color=&#8221;#058e8c&#8221;]<\/p>\n<ul>\n<li>Proplan<\/li>\n<li>Hills<\/li>\n<li>Dog Show<\/li>\n<li>Monello<\/li>\n<li>Pedigree<\/li>\n<li>Cipacan<\/li>\n<li>Chunky<\/li>\n<li>Nutrecan<\/li>\n<li>Excellent<\/li>\n<li>Q-Ida Can<\/li>\n<li>Equilibrio<\/li>\n<li>Nutranuggets<\/li>\n<li>Naturalis<\/li>\n<li>Max<\/li>\n<li>Guamor<\/li>\n<li>Cibau<\/li>\n<li>Vet Life<\/li>\n<li>Eukanuba<\/li>\n<li>Envolve<\/li>\n<li>Taste o the Wild<\/li>\n<li>Ladrina<\/li>\n<li>Royal Canin<\/li>\n<\/ul>\n<p>[\/et_pb_toggle][et_pb_toggle _builder_version=&#8221;3.12.1&#8243; title=&#8221;Accesorios&#8221; icon_color=&#8221;#058e8c&#8221; saved_tabs=&#8221;all&#8221; open=&#8221;on&#8221;]<\/p>\n<ul>\n<li><span style=\"color: #333333;\"><a style=\"color: #333333;\" href=\"http:\/\/lamascoteriaonline.co\/shop\/index.php\/peluches-para-perros\">Peluches<\/a><\/span><\/li>\n<li><span style=\"color: #333333;\"><a style=\"color: #333333;\" href=\"http:\/\/lamascoteriaonline.co\/shop\/index.php\/comederos-para-perros\/\">Comederos<\/a><\/span><\/li>\n<li><span style=\"color: #333333;\"><a style=\"color: #333333;\" href=\"http:\/\/lamascoteriaonline.co\/shop\/index.php\/cepillos-para-perros\">Cepillos<\/a><\/span><\/li>\n<li><span style=\"color: #333333;\"><a style=\"color: #333333;\" href=\"http:\/\/lamascoteriaonline.co\/shop\/index.php\/cortaunas-para-perros\">Cortau\u00f1as<\/a><\/span><\/li>\n<li><span style=\"color: #333333;\"><a style=\"color: #333333;\" href=\"http:\/\/lamascoteriaonline.co\/shop\/index.php\/entrenamiento-y-destreza\">Entrenamiento y destreza<\/a><\/span><\/li>\n<li><span style=\"color: #333333;\"><a style=\"color: #333333;\" href=\"http:\/\/lamascoteriaonline.co\/shop\/index.php\/collares-para-perro\">Collares<\/a><\/span><\/li>\n<li><span style=\"color: #333333;\"><a style=\"color: #333333;\" href=\"http:\/\/lamascoteriaonline.co\/shop\/index.php\/pelotas-para-perros\">Pelotas<\/a><\/span><\/li>\n<li><span style=\"color: #333333;\"><a style=\"color: #333333;\" href=\"http:\/\/lamascoteriaonline.co\/shop\/index.php\/juguetes-de-latex-para-perros\/\">Juguetes l\u00e1tex<\/a><\/span><\/li>\n<li><span style=\"color: #333333;\"><a style=\"color: #333333;\" href=\"http:\/\/lamascoteriaonline.co\/shop\/index.php\/arnes-para-perro\">Arn\u00e9s<\/a><\/span><\/li>\n<li><span style=\"color: #333333;\"><a style=\"color: #333333;\" href=\"http:\/\/lamascoteriaonline.co\/shop\/index.php\/juguetes-dentales-para-perro\">Juguetes dentales<\/a><\/span><\/li>\n<\/ul>\n<p>[\/et_pb_toggle][et_pb_toggle _builder_version=&#8221;3.12.1&#8243; title=&#8221;Cuidado e Higiene&#8221; icon_color=&#8221;#058e8c&#8221; saved_tabs=&#8221;all&#8221;]<\/p>\n<ul>\n<li><span style=\"color: #333333;\"><a style=\"color: #333333;\" href=\"http:\/\/lamascoteriaonline.co\/shop\/index.php\/cuidado-e-higiene-para-perros\">Productos<\/a><\/span><\/li>\n<\/ul>\n<p>[\/et_pb_toggle][et_pb_contact_form _builder_version=&#8221;3.12.1&#8243; title=&#8221;\u00bfNo encontraste lo que necesitabas? Escr\u00edbenos, te lo conseguimos&#8221; email=&#8221;mauricio.moreno@lamascoteriaonline.co&#8221; captcha=&#8221;off&#8221; title_font_size=&#8221;17&#8243; submit_button_text=&#8221;Enviar&#8221; custom_button=&#8221;on&#8221; button_text_size=&#8221;14&#8243;][et_pb_contact_field field_title=&#8221;Nombre&#8221; field_type=&#8221;input&#8221; field_id=&#8221;Name&#8221; required_mark=&#8221;on&#8221; fullwidth_field=&#8221;on&#8221; _builder_version=&#8221;3.12.1&#8243; checkbox_checked=&#8221;off&#8221; checkbox_options=&#8221;%91{%22value%22:%22Name%22,%22checked%22:0}%93&#8243; radio_options=&#8221;%91{%22value%22:%22Name%22,%22checked%22:0}%93&#8243; select_options=&#8221;%91{%22value%22:%22Name%22,%22checked%22:0}%93&#8243; min_length=&#8221;0&#8243; max_length=&#8221;0&#8243; allowed_symbols=&#8221;all&#8221; conditional_logic=&#8221;off&#8221; conditional_logic_relation=&#8221;off&#8221; conditional_logic_rules=&#8221;%91{%22field%22:%22email%22,%22condition%22:%22is%22,%22value%22:%22%22}%93&#8243; use_background_color_gradient=&#8221;off&#8221; background_color_gradient_start=&#8221;#2b87da&#8221; background_color_gradient_end=&#8221;#29c4a9&#8243; background_color_gradient_type=&#8221;linear&#8221; background_color_gradient_direction=&#8221;180deg&#8221; background_color_gradient_direction_radial=&#8221;center&#8221; background_color_gradient_start_position=&#8221;0%&#8221; background_color_gradient_end_position=&#8221;100%&#8221; background_color_gradient_overlays_image=&#8221;off&#8221; parallax=&#8221;off&#8221; parallax_method=&#8221;on&#8221; background_size=&#8221;cover&#8221; background_position=&#8221;center&#8221; background_repeat=&#8221;no-repeat&#8221; background_blend=&#8221;normal&#8221; allow_player_pause=&#8221;off&#8221; background_video_pause_outside_viewport=&#8221;on&#8221; form_field_text_shadow_style=&#8221;none&#8221; box_shadow_style=&#8221;none&#8221; form_field_text_shadow_horizontal_length=&#8221;0em&#8221; form_field_text_shadow_vertical_length=&#8221;0em&#8221; form_field_text_shadow_blur_strength=&#8221;0em&#8221; \/][et_pb_contact_field field_title=&#8221;Email&#8221; field_type=&#8221;email&#8221; field_id=&#8221;Email&#8221; required_mark=&#8221;on&#8221; fullwidth_field=&#8221;on&#8221; _builder_version=&#8221;3.12.1&#8243; checkbox_checked=&#8221;off&#8221; checkbox_options=&#8221;%91{%22value%22:%22Email Address%22,%22checked%22:0}%93&#8243; radio_options=&#8221;%91{%22value%22:%22Email Address%22,%22checked%22:0}%93&#8243; select_options=&#8221;%91{%22value%22:%22Email Address%22,%22checked%22:0}%93&#8243; min_length=&#8221;0&#8243; max_length=&#8221;0&#8243; allowed_symbols=&#8221;all&#8221; conditional_logic=&#8221;off&#8221; conditional_logic_relation=&#8221;off&#8221; conditional_logic_rules=&#8221;%91{%22field%22:%22name%22,%22condition%22:%22is%22,%22value%22:%22%22}%93&#8243; use_background_color_gradient=&#8221;off&#8221; background_color_gradient_start=&#8221;#2b87da&#8221; background_color_gradient_end=&#8221;#29c4a9&#8243; background_color_gradient_type=&#8221;linear&#8221; background_color_gradient_direction=&#8221;180deg&#8221; background_color_gradient_direction_radial=&#8221;center&#8221; background_color_gradient_start_position=&#8221;0%&#8221; background_color_gradient_end_position=&#8221;100%&#8221; background_color_gradient_overlays_image=&#8221;off&#8221; parallax=&#8221;off&#8221; parallax_method=&#8221;on&#8221; background_size=&#8221;cover&#8221; background_position=&#8221;center&#8221; background_repeat=&#8221;no-repeat&#8221; background_blend=&#8221;normal&#8221; allow_player_pause=&#8221;off&#8221; background_video_pause_outside_viewport=&#8221;on&#8221; form_field_text_shadow_style=&#8221;none&#8221; box_shadow_style=&#8221;none&#8221; form_field_text_shadow_horizontal_length=&#8221;0em&#8221; form_field_text_shadow_vertical_length=&#8221;0em&#8221; form_field_text_shadow_blur_strength=&#8221;0em&#8221; \/][et_pb_contact_field field_title=&#8221;Mensaje&#8221; field_type=&#8221;text&#8221; field_id=&#8221;Message&#8221; required_mark=&#8221;on&#8221; fullwidth_field=&#8221;on&#8221; _builder_version=&#8221;3.12.1&#8243; checkbox_checked=&#8221;off&#8221; checkbox_options=&#8221;%91{%22value%22:%22Message%22,%22checked%22:0}%93&#8243; radio_options=&#8221;%91{%22value%22:%22Message%22,%22checked%22:0}%93&#8243; select_options=&#8221;%91{%22value%22:%22Message%22,%22checked%22:0}%93&#8243; min_length=&#8221;0&#8243; max_length=&#8221;0&#8243; allowed_symbols=&#8221;all&#8221; conditional_logic=&#8221;off&#8221; conditional_logic_relation=&#8221;off&#8221; conditional_logic_rules=&#8221;%91{%22field%22:%22name%22,%22condition%22:%22is%22,%22value%22:%22%22}%93&#8243; use_background_color_gradient=&#8221;off&#8221; background_color_gradient_start=&#8221;#2b87da&#8221; background_color_gradient_end=&#8221;#29c4a9&#8243; background_color_gradient_type=&#8221;linear&#8221; background_color_gradient_direction=&#8221;180deg&#8221; background_color_gradient_direction_radial=&#8221;center&#8221; background_color_gradient_start_position=&#8221;0%&#8221; background_color_gradient_end_position=&#8221;100%&#8221; background_color_gradient_overlays_image=&#8221;off&#8221; parallax=&#8221;off&#8221; parallax_method=&#8221;on&#8221; background_size=&#8221;cover&#8221; background_position=&#8221;center&#8221; background_repeat=&#8221;no-repeat&#8221; background_blend=&#8221;normal&#8221; allow_player_pause=&#8221;off&#8221; background_video_pause_outside_viewport=&#8221;on&#8221; form_field_text_shadow_style=&#8221;none&#8221; box_shadow_style=&#8221;none&#8221; \/][\/et_pb_contact_form][\/et_pb_column][\/et_pb_row][\/et_pb_section][et_pb_section bb_built=&#8221;1&#8243; admin_label=&#8221;Footer Section&#8221; background_color=&#8221;#000000&#8243; _builder_version=&#8221;3.12.1&#8243; custom_padding=&#8221;101px|0px|101px|0px&#8221; saved_tabs=&#8221;all&#8221; prev_background_color=&#8221;#ffffff&#8221;][et_pb_row admin_label=&#8221;Footer Row&#8221; _builder_version=&#8221;3.0.93&#8243;][et_pb_column type=&#8221;1_4&#8243;][et_pb_image admin_label=&#8221;logo&#8221; src=&#8221;http:\/\/lamascoteriaonline.co\/shop\/wp-content\/uploads\/2018\/09\/logo-1.png&#8221; _builder_version=&#8221;3.12.1&#8243; align=&#8221;center&#8221; custom_padding=&#8221;0px|||&#8221; \/][\/et_pb_column][et_pb_column type=&#8221;1_4&#8243;][et_pb_text admin_label=&#8221;Links&#8221; background_layout=&#8221;dark&#8221; _builder_version=&#8221;3.12.1&#8243; text_font=&#8221;Open Sans|600|||||||&#8221; text_text_color=&#8221;#ffffff&#8221; text_line_height=&#8221;1.4em&#8221; text_line_height_last_edited=&#8221;off|desktop&#8221; link_font=&#8221;Open Sans|600|||||||&#8221; link_text_color=&#8221;#ffffff&#8221; link_line_height=&#8221;2.5em&#8221; header_6_font=&#8221;Baloo|500||on|||||&#8221; header_6_text_color=&#8221;rgba(255,255,255,0.4)&#8221; header_6_letter_spacing=&#8221;2px&#8221; header_6_line_height=&#8221;1.7em&#8221; module_alignment=&#8221;center&#8221; custom_margin=&#8221;|||&#8221; custom_margin_tablet=&#8221;0px|||&#8221; custom_margin_phone=&#8221;|||&#8221; custom_margin_last_edited=&#8221;off|desktop&#8221; header_6_font_size=&#8221;16px&#8221;]<\/p>\n<h6>Informaci\u00f3n<\/h6>\n<p>Preguntas frecuentes<\/p>\n<p>T\u00e9rminos y pol\u00edticas de privacidad<\/p>\n<p>[\/et_pb_text][\/et_pb_column][et_pb_column type=&#8221;1_4&#8243;][et_pb_text admin_label=&#8221;Links&#8221; background_layout=&#8221;dark&#8221; _builder_version=&#8221;3.12.1&#8243; text_font=&#8221;Open Sans|600|||||||&#8221; text_text_color=&#8221;#ffffff&#8221; text_line_height=&#8221;1.4em&#8221; text_line_height_last_edited=&#8221;off|desktop&#8221; link_font=&#8221;Open Sans|600|||||||&#8221; link_text_color=&#8221;#ffffff&#8221; link_line_height=&#8221;2.5em&#8221; header_6_font=&#8221;Baloo|500||on|||||&#8221; header_6_text_color=&#8221;rgba(255,255,255,0.4)&#8221; header_6_letter_spacing=&#8221;2px&#8221; header_6_line_height=&#8221;1.7em&#8221; module_alignment=&#8221;center&#8221; custom_margin=&#8221;|||&#8221; custom_margin_tablet=&#8221;0px|||&#8221; custom_margin_phone=&#8221;|||&#8221; custom_margin_last_edited=&#8221;off|desktop&#8221; header_6_font_size=&#8221;16px&#8221;]<\/p>\n<h6>Newsletter<\/h6>\n<p>Ingresa tu correo y recibe informaci\u00f3n acerca de nuestros lanzamientos, eventos especiales, descuentos y Trend Alerts.<\/p>\n<p>[\/et_pb_text][et_pb_contact_form _builder_version=&#8221;3.12.1&#8243; submit_button_text=&#8221;Suscribirme&#8221; email=&#8221;mauricio.moreno@lamascoteriaonline.co&#8221; captcha=&#8221;off&#8221; custom_button=&#8221;on&#8221; button_text_size=&#8221;14&#8243; button_text_color=&#8221;#ffffff&#8221; button_bg_color=&#8221;#058e8c&#8221; button_border_width=&#8221;1&#8243; button_border_color=&#8221;#058e8c&#8221; button_icon_placement=&#8221;left&#8221;][et_pb_contact_field field_title=&#8221;Email&#8221; field_type=&#8221;email&#8221; field_id=&#8221;Email&#8221; required_mark=&#8221;on&#8221; fullwidth_field=&#8221;on&#8221; _builder_version=&#8221;3.12.1&#8243; checkbox_checked=&#8221;off&#8221; checkbox_options=&#8221;%91{%22value%22:%22Email Address%22,%22checked%22:0}%93&#8243; radio_options=&#8221;%91{%22value%22:%22Email Address%22,%22checked%22:0}%93&#8243; select_options=&#8221;%91{%22value%22:%22Email Address%22,%22checked%22:0}%93&#8243; min_length=&#8221;0&#8243; max_length=&#8221;0&#8243; allowed_symbols=&#8221;all&#8221; conditional_logic=&#8221;off&#8221; conditional_logic_relation=&#8221;off&#8221; conditional_logic_rules=&#8221;%91{%22field%22:%22message%22,%22condition%22:%22is%22,%22value%22:%22%22}%93&#8243; use_background_color_gradient=&#8221;off&#8221; background_color_gradient_start=&#8221;#2b87da&#8221; background_color_gradient_end=&#8221;#29c4a9&#8243; background_color_gradient_type=&#8221;linear&#8221; background_color_gradient_direction=&#8221;180deg&#8221; background_color_gradient_direction_radial=&#8221;center&#8221; background_color_gradient_start_position=&#8221;0%&#8221; background_color_gradient_end_position=&#8221;100%&#8221; background_color_gradient_overlays_image=&#8221;off&#8221; parallax=&#8221;off&#8221; parallax_method=&#8221;on&#8221; background_size=&#8221;cover&#8221; background_position=&#8221;center&#8221; background_repeat=&#8221;no-repeat&#8221; background_blend=&#8221;normal&#8221; allow_player_pause=&#8221;off&#8221; background_video_pause_outside_viewport=&#8221;on&#8221; form_field_text_shadow_style=&#8221;none&#8221; box_shadow_style=&#8221;none&#8221; form_field_text_shadow_horizontal_length=&#8221;0em&#8221; form_field_text_shadow_vertical_length=&#8221;0em&#8221; form_field_text_shadow_blur_strength=&#8221;0em&#8221; \/][\/et_pb_contact_form][\/et_pb_column][et_pb_column type=&#8221;1_4&#8243;][et_pb_text admin_label=&#8221;Links&#8221; background_layout=&#8221;dark&#8221; _builder_version=&#8221;3.12.1&#8243; text_font=&#8221;Open Sans|600|||||||&#8221; text_text_color=&#8221;#ffffff&#8221; text_line_height=&#8221;1.4em&#8221; text_line_height_last_edited=&#8221;off|desktop&#8221; link_font=&#8221;Open Sans|600|||||||&#8221; link_text_color=&#8221;#ffffff&#8221; link_line_height=&#8221;2.5em&#8221; header_6_font=&#8221;Baloo|500||on|||||&#8221; header_6_text_color=&#8221;rgba(255,255,255,0.4)&#8221; header_6_letter_spacing=&#8221;2px&#8221; header_6_line_height=&#8221;1.7em&#8221; module_alignment=&#8221;center&#8221; custom_margin=&#8221;|||&#8221; custom_margin_tablet=&#8221;0px|||&#8221; custom_margin_phone=&#8221;|||&#8221; custom_margin_last_edited=&#8221;off|desktop&#8221; header_6_font_size=&#8221;16px&#8221;]<\/p>\n<h6>Informaci\u00f3n<\/h6>\n<p>Whatsapp: (1) 300 8435588<\/p>\n<p>Bogot\u00e1, Colombia<\/p>\n<p>[\/et_pb_text][\/et_pb_column][\/et_pb_row][\/et_pb_section]<\/p>\n","protected":false},"excerpt":{"rendered":"<p>Arn\u00e9s Alimento seco Alimento H\u00famedo Snacks Proplan Hills Dog Show Monello Pedigree Cipacan Chunky Nutrecan Excellent Q-Ida Can Equilibrio Nutranuggets Naturalis Max Guamor Cibau Vet Life Eukanuba Envolve Taste o the Wild Ladrina Royal Canin Peluches Comederos Cepillos Cortau\u00f1as Entrenamiento y destreza Collares Pelotas Juguetes l\u00e1tex Arn\u00e9s Juguetes dentales Productos Informaci\u00f3n Preguntas frecuentes T\u00e9rminos y [&hellip;]<\/p>\n","protected":false},"author":264,"featured_media":0,"parent":0,"menu_order":0,"comment_status":"closed","ping_status":"closed","template":"","meta":{"_et_pb_use_builder":"on","_et_pb_old_content":"","_et_gb_content_width":"","_joinchat":[],"footnotes":""},"class_list":["post-533","page","type-page","status-publish","hentry"],"_links":{"self":[{"href":"https:\/\/lamascoteriaonline.co\/shop\/wp-json\/wp\/v2\/pages\/533","targetHints":{"allow":["GET"]}}],"collection":[{"href":"https:\/\/lamascoteriaonline.co\/shop\/wp-json\/wp\/v2\/pages"}],"about":[{"href":"https:\/\/lamascoteriaonline.co\/shop\/wp-json\/wp\/v2\/types\/page"}],"author":[{"embeddable":true,"href":"https:\/\/lamascoteriaonline.co\/shop\/wp-json\/wp\/v2\/users\/264"}],"replies":[{"embeddable":true,"href":"https:\/\/lamascoteriaonline.co\/shop\/wp-json\/wp\/v2\/comments?post=533"}],"version-history":[{"count":3,"href":"https:\/\/lamascoteriaonline.co\/shop\/wp-json\/wp\/v2\/pages\/533\/revisions"}],"predecessor-version":[{"id":651,"href":"https:\/\/lamascoteriaonline.co\/shop\/wp-json\/wp\/v2\/pages\/533\/revisions\/651"}],"wp:attachment":[{"href":"https:\/\/lamascoteriaonline.co\/shop\/wp-json\/wp\/v2\/media?parent=533"}],"curies":[{"name":"wp","href":"https:\/\/api.w.org\/{rel}","templated":true}]}}